{"id":286,"date":"2023-03-25T14:27:24","date_gmt":"2023-03-25T13:27:24","guid":{"rendered":"https:\/\/feriensued.prkrdesign.at\/?page_id=286"},"modified":"2023-04-04T19:22:04","modified_gmt":"2023-04-04T17:22:04","slug":"wetter","status":"publish","type":"page","link":"https:\/\/feriensued.com\/en\/wetter\/","title":{"rendered":"Weather"},"content":{"rendered":"<p><strong>The actual weather at the Klopeiner See<\/strong><\/p>\n\n\n\n<p>Got to the website from&nbsp;<a href=\"https:\/\/www.visitcarinthia.at\/service\/weather\/region\/213\/\" target=\"_blank\" rel=\"noreferrer noopener\">Carinthia tourism<\/a>&nbsp;with the weather forecast for the next days.<\/p>\n\n\n\n<div style=\"height:30px\" aria-hidden=\"true\" class=\"wp-block-spacer\"><\/div>\n\n\n\n<h4 class=\"wp-block-heading\">Webcam<\/h4>\n\n\n\n<p>The webcam live images from the lake are updated at short intervals and are courtesy of the <a rel=\"noreferrer noopener\" href=\"https:\/\/www.klopeinersee.at\/informationen\/webcams\/\" target=\"_blank\">Tourismusregion Klopeiner See - S\u00fcdk\u00e4rnten GmbH<\/a>.<\/p>\n\n\n\n<div style=\"height:30px\" aria-hidden=\"true\" class=\"wp-block-spacer\"><\/div>\n\n\n\n<figure class=\"wp-block-image size-large is-style-default\"><img decoding=\"async\" src=\"https:\/\/apartments-klopeinersee.at\/klopeinersee_westufer_4k.jpg\" alt=\"\" style=\"border-radius: 10px\" \/><\/figure>\n\n\n\n<p><em>The use and integration of webcam recordings of the Tourismusregion Klopeiner See - S\u00fcdk\u00e4rnten GmbH on the websites of member companies of the Tourismusregion Klopeiner See - S\u00fcdk\u00e4rnten is permitted for the purpose of guest information until further notice.<br>Improper use, except for the purpose of providing information to guests, is not permitted.<\/em><\/p>","protected":false},"excerpt":{"rendered":"<p>Das aktuelle Wetter am Klopeiner See! Hier geht es zur Webseite der&nbsp;K\u00e4rnten Werbung&nbsp;mit einer Wettervorschau auf die n\u00e4chsten Tage. Webcam Bilder Die Webcam-Live-Bilder vom Klopeiner See werden in kurzen Intervallen aktualisiert und stammen mit freundlicher Genehmigung von der Tourismusregion Klopeiner See &#8211; S\u00fcdk\u00e4rnten GmbH. Die Nutzung und Integration von Webcam-Aufnahmen der Tourismusregion Klopeiner See \u2013 [&hellip;]<\/p>","protected":false},"author":1,"featured_media":0,"parent":0,"menu_order":0,"comment_status":"closed","ping_status":"closed","template":"","meta":{"footnotes":""},"class_list":["post-286","page","type-page","status-publish","hentry"],"acf":[],"_links":{"self":[{"href":"https:\/\/feriensued.com\/en\/wp-json\/wp\/v2\/pages\/286","targetHints":{"allow":["GET"]}}],"collection":[{"href":"https:\/\/feriensued.com\/en\/wp-json\/wp\/v2\/pages"}],"about":[{"href":"https:\/\/feriensued.com\/en\/wp-json\/wp\/v2\/types\/page"}],"author":[{"embeddable":true,"href":"https:\/\/feriensued.com\/en\/wp-json\/wp\/v2\/users\/1"}],"replies":[{"embeddable":true,"href":"https:\/\/feriensued.com\/en\/wp-json\/wp\/v2\/comments?post=286"}],"version-history":[{"count":19,"href":"https:\/\/feriensued.com\/en\/wp-json\/wp\/v2\/pages\/286\/revisions"}],"predecessor-version":[{"id":986,"href":"https:\/\/feriensued.com\/en\/wp-json\/wp\/v2\/pages\/286\/revisions\/986"}],"wp:attachment":[{"href":"https:\/\/feriensued.com\/en\/wp-json\/wp\/v2\/media?parent=286"}],"curies":[{"name":"wp","href":"https:\/\/api.w.org\/{rel}","templated":true}]}}