{"id":284,"date":"2023-03-25T14:27:14","date_gmt":"2023-03-25T13:27:14","guid":{"rendered":"https:\/\/feriensued.prkrdesign.at\/?page_id=284"},"modified":"2024-02-23T21:24:38","modified_gmt":"2024-02-23T20:24:38","slug":"jobs","status":"publish","type":"page","link":"https:\/\/feriensued.com\/en\/jobs\/","title":{"rendered":"We're looking for YOU!"},"content":{"rendered":"<p class=\"translation-block\">Join our motivated and familial team. <strong>Quality<\/strong> is our <strong>top priority<\/strong> and this starts with us in our infancy.<\/p>\n\n\n\n<div style=\"height:20px\" aria-hidden=\"true\" class=\"wp-block-spacer\"><\/div>\n\n\n\n<p>Wir suchen f\u00fcr die <strong>Sommersaison 2024<\/strong> laufend flei\u00dfige HelferInnen f\u00fcr unser Ferienzentrum S\u00fcd, die uns tatkr\u00e4ftig unterst\u00fctzen und zur Hand gehen. Im Speziellen suchen wir:<\/p>\n\n\n\n<ul class=\"wp-block-list\">\n<li><strong>PraktikantInnen<\/strong><\/li>\n<\/ul>\n\n\n\n<div style=\"height:20px\" aria-hidden=\"true\" class=\"wp-block-spacer\"><\/div>\n\n\n\n<p class=\"translation-block\">If you enjoy working with <strong>people<\/strong>, are <strong><em>friendly, attentive<\/em><\/strong> and <strong><em>reliable<\/em><\/strong>, then you've come to the right place in our family team.<\/p>\n\n\n\n<div style=\"height:40px\" aria-hidden=\"true\" class=\"wp-block-spacer\"><\/div>\n\n\n\n<p><em><strong>Join our team and apply today.<\/strong><\/em><\/p>\n\n\n\n<p><strong>Send your application documents directly to <a href=\"mailto:office@feriensued.com\">office@feriensued.com<\/a>.<\/strong><\/p>","protected":false},"excerpt":{"rendered":"<p>Komm in unser motiviertes und vor allem famili\u00e4res Team. Bei uns steht Qualit\u00e4t an erster Stelle und diese beginnt bei uns schon in den Kinderschuhen. Wir suchen f\u00fcr die Sommersaison 2024 laufend flei\u00dfige HelferInnen f\u00fcr unser Ferienzentrum S\u00fcd, die uns tatkr\u00e4ftig unterst\u00fctzen und zur Hand gehen. Im Speziellen suchen wir: Wenn du Freude an der [&hellip;]<\/p>","protected":false},"author":1,"featured_media":0,"parent":0,"menu_order":0,"comment_status":"closed","ping_status":"closed","template":"","meta":{"footnotes":""},"class_list":["post-284","page","type-page","status-publish","hentry"],"acf":[],"_links":{"self":[{"href":"https:\/\/feriensued.com\/en\/wp-json\/wp\/v2\/pages\/284","targetHints":{"allow":["GET"]}}],"collection":[{"href":"https:\/\/feriensued.com\/en\/wp-json\/wp\/v2\/pages"}],"about":[{"href":"https:\/\/feriensued.com\/en\/wp-json\/wp\/v2\/types\/page"}],"author":[{"embeddable":true,"href":"https:\/\/feriensued.com\/en\/wp-json\/wp\/v2\/users\/1"}],"replies":[{"embeddable":true,"href":"https:\/\/feriensued.com\/en\/wp-json\/wp\/v2\/comments?post=284"}],"version-history":[{"count":25,"href":"https:\/\/feriensued.com\/en\/wp-json\/wp\/v2\/pages\/284\/revisions"}],"predecessor-version":[{"id":2234,"href":"https:\/\/feriensued.com\/en\/wp-json\/wp\/v2\/pages\/284\/revisions\/2234"}],"wp:attachment":[{"href":"https:\/\/feriensued.com\/en\/wp-json\/wp\/v2\/media?parent=284"}],"curies":[{"name":"wp","href":"https:\/\/api.w.org\/{rel}","templated":true}]}}