{"id":279,"date":"2023-03-25T14:26:12","date_gmt":"2023-03-25T13:26:12","guid":{"rendered":"https:\/\/feriensued.prkrdesign.at\/?page_id=279"},"modified":"2023-05-03T21:34:17","modified_gmt":"2023-05-03T19:34:17","slug":"ausflugsziele","status":"publish","type":"page","link":"https:\/\/feriensued.com\/en\/ausflugsziele\/","title":{"rendered":"The best destinations at lake Klopeiner See"},"content":{"rendered":"<p class=\"translation-block\">Whether you're trying something new or unfamiliar - boundless thrills or total tranquility, there's something for <strong>EVERYONE<\/strong> in our region. Our open southern Carinthian lake landscape is framed by the Karawanken in the south and the Saualm in the north. Curious? Our South Holiday Center is surrounded by the most exciting destinations and is the perfect starting point.<\/p>\n\n\n\n<div style=\"height:25px\" aria-hidden=\"true\" class=\"wp-block-spacer\"><\/div>\n\n\n\n<p>Here are some of the best tips:<\/p>\n\n\n\n<ul class=\"wp-block-list\">\n<li><a href=\"https:\/\/www.petzen.net\/sommer\/aktivitaeten\/biken\/flow-country-trail\" target=\"_blank\" rel=\"noreferrer noopener\">Bike Park Petzen<\/a><\/li>\n\n\n\n<li><a href=\"https:\/\/www.outdooractive.com\/de\/route\/wanderung\/klopeiner-see-suedkaernten-lavanttal\/georgiberg-tour-klopeiner-see\/1508531\/\" target=\"_blank\" rel=\"noreferrer noopener\">Gerogiberg Wanderung<\/a><\/li>\n\n\n\n<li><a href=\"https:\/\/www.suedkaernten.at\/slow-trail-kitzelberg\/\" target=\"_blank\" rel=\"noreferrer noopener\">Aussichtsplattform Kitzelberg<\/a><\/li>\n\n\n\n<li><a href=\"https:\/\/www.walderlebniswelt.at\/\" target=\"_blank\" rel=\"noreferrer noopener\">Walderlebniswelt Klopeiner See<\/a><\/li>\n\n\n\n<li><a href=\"https:\/\/www.kaernten.at\/rad\/\" target=\"_blank\" rel=\"noreferrer noopener\">Radtouren<\/a><\/li>\n\n\n\n<li><a href=\"http:\/\/www.museum-globasnitz.at\/4-0-Hemmaberg.html\" target=\"_blank\" rel=\"noreferrer noopener\">Hemmaberg<\/a><\/li>\n\n\n\n<li><a href=\"https:\/\/www.vogelpark.at\/\" target=\"_blank\" rel=\"noreferrer noopener\">Vogelpark Turnersee<\/a><\/li>\n\n\n\n<li><a href=\"https:\/\/www.hoehlen.at\/\" target=\"_blank\" rel=\"noreferrer noopener\">Obir Tropfsteinh\u00f6hle<\/a><\/li>\n\n\n\n<li><a href=\"https:\/\/www.bergerlebnisee.at\/park-gallizien\" target=\"_blank\" rel=\"noreferrer noopener\">Flying Fox Park Wildensteiner Wasserf\u00e4lle Gallizien<\/a><\/li>\n<\/ul>\n\n\n\n<div style=\"height:25px\" aria-hidden=\"true\" class=\"wp-block-spacer\"><\/div>\n\n\n\n<p>You will find more exciting tourist attractions here...<\/p>\n\n\n\n<div style=\"height:10px\" aria-hidden=\"true\" class=\"wp-block-spacer\"><\/div>\n\n\n\n<p class=\"elementor-button-link elementor-button elementor-size-sm elementor-animation-grow\"><a href=\"https:\/\/www.suedkaernten.at\/de\/#\/erlebnisse\" target=\"_blank\" rel=\"noreferrer noopener\" style=\"color: white;\">Daytrips<\/a><\/p>","protected":false},"excerpt":{"rendered":"<p>Egal, ob du was Neues oder Ungewohntes ausprobierst &#8211; grenzenloser Nervenkitzel oder vollkommener Ruhemodus, in unserer Region ist f\u00fcr ALLE etwas dabei. Unsere offene S\u00fcdk\u00e4rntner Seenlandschaft wird von den Karawanken im S\u00fcden und der Saualm im Norden umrahmt. Neugierig? Unser Ferienzentrum S\u00fcd ist umgeben von den spannendsten Ausflugszielen und perfekt als Ausgangspunkt gelegen. Hier einige [&hellip;]<\/p>","protected":false},"author":1,"featured_media":1888,"parent":0,"menu_order":0,"comment_status":"closed","ping_status":"closed","template":"","meta":{"footnotes":""},"class_list":["post-279","page","type-page","status-publish","has-post-thumbnail","hentry"],"acf":[],"_links":{"self":[{"href":"https:\/\/feriensued.com\/en\/wp-json\/wp\/v2\/pages\/279","targetHints":{"allow":["GET"]}}],"collection":[{"href":"https:\/\/feriensued.com\/en\/wp-json\/wp\/v2\/pages"}],"about":[{"href":"https:\/\/feriensued.com\/en\/wp-json\/wp\/v2\/types\/page"}],"author":[{"embeddable":true,"href":"https:\/\/feriensued.com\/en\/wp-json\/wp\/v2\/users\/1"}],"replies":[{"embeddable":true,"href":"https:\/\/feriensued.com\/en\/wp-json\/wp\/v2\/comments?post=279"}],"version-history":[{"count":19,"href":"https:\/\/feriensued.com\/en\/wp-json\/wp\/v2\/pages\/279\/revisions"}],"predecessor-version":[{"id":1476,"href":"https:\/\/feriensued.com\/en\/wp-json\/wp\/v2\/pages\/279\/revisions\/1476"}],"wp:featuredmedia":[{"embeddable":true,"href":"https:\/\/feriensued.com\/en\/wp-json\/wp\/v2\/media\/1888"}],"wp:attachment":[{"href":"https:\/\/feriensued.com\/en\/wp-json\/wp\/v2\/media?parent=279"}],"curies":[{"name":"wp","href":"https:\/\/api.w.org\/{rel}","templated":true}]}}