{"id":248,"date":"2023-03-25T13:38:43","date_gmt":"2023-03-25T12:38:43","guid":{"rendered":"https:\/\/feriensued.prkrdesign.at\/?page_id=248"},"modified":"2026-03-29T10:49:23","modified_gmt":"2026-03-29T08:49:23","slug":"der-seegasthof","status":"publish","type":"page","link":"https:\/\/feriensued.com\/en\/der-seegasthof\/","title":{"rendered":"Seegasthof"},"content":{"rendered":"<div data-elementor-type=\"wp-page\" data-elementor-id=\"248\" class=\"elementor elementor-248\" data-elementor-post-type=\"page\">\n\t\t\t\t\t\t<section class=\"elementor-section elementor-top-section elementor-element elementor-element-3ce5533 elementor-section-boxed elementor-section-height-default elementor-section-height-default\" data-id=\"3ce5533\" data-element_type=\"section\">\n\t\t\t\t\t\t<div class=\"elementor-container elementor-column-gap-no\">\n\t\t\t\t\t<div class=\"elementor-column elementor-col-100 elementor-top-column elementor-element elementor-element-857a6d2\" data-id=\"857a6d2\" data-element_type=\"column\">\n\t\t\t<div class=\"elementor-widget-wrap elementor-element-populated\">\n\t\t\t\t\t\t<div class=\"elementor-element elementor-element-8414aac elementor-widget elementor-widget-text-editor\" data-id=\"8414aac\" data-element_type=\"widget\" data-widget_type=\"text-editor.default\">\n\t\t\t\t<div class=\"elementor-widget-container\">\n\t\t\t\t\t\t\t\t\t<p>Direkt am Ufer des Klopeinersees liegt der famili\u00e4r gef\u00fchrte Seegasthof Katschnig. Seit Generationen wird es mit viel Leidenschaft und Hingabe betrieben. Die K\u00fcche des Hauses legt besonderen Wert auf Frische und Regionalit\u00e4t.<\/p>\n<p>Die Speisekarte erz\u00e4hlt die Geschichte der Region. Frischer Fisch aus den umliegenden Gew\u00e4ssern wird mit gro\u00dfer Sorgfalt zubereitet. Erg\u00e4nzt wird das Angebot durch erlesene Wild-Spezialit\u00e4ten. Es werden traditionelle Rezepte mit modernen Einfl\u00fcssen verbunden und so schafft man eine abwechslungsreiche, aber zugleich bodenst\u00e4ndige K\u00fcche. Der pers\u00f6nliche Kontakt zu den G\u00e4sten wird gro\u00dfgeschrieben, wodurch eine famili\u00e4re Stimmung entsteht.<\/p>\n<p>\u00a0<\/p>\n<p>Es ist ein Ort, an dem man den Alltag hinter sich l\u00e4sst, die Natur sp\u00fcrt und ehrliche, mit Liebe zubereitet K\u00fcche erlebt \u2013 ein St\u00fcck gelebte Tradition direkt am See.<\/p>\n<p><!-- \/wp:paragraph --><\/p>\n<p><!-- wp:image {\"id\":256,\"sizeSlug\":\"full\",\"linkDestination\":\"none\"} --><\/p>\n<p><!-- \/wp:image --><\/p>\t\t\t\t\t\t\t\t<\/div>\n\t\t\t\t<\/div>\n\t\t\t\t<div class=\"elementor-element elementor-element-87d15eb elementor-widget elementor-widget-gallery\" data-id=\"87d15eb\" data-element_type=\"widget\" data-settings=\"{&quot;aspect_ratio&quot;:&quot;4:3&quot;,&quot;lazyload&quot;:&quot;yes&quot;,&quot;gallery_layout&quot;:&quot;grid&quot;,&quot;columns&quot;:4,&quot;columns_tablet&quot;:2,&quot;columns_mobile&quot;:1,&quot;gap&quot;:{&quot;unit&quot;:&quot;px&quot;,&quot;size&quot;:10,&quot;sizes&quot;:[]},&quot;gap_tablet&quot;:{&quot;unit&quot;:&quot;px&quot;,&quot;size&quot;:10,&quot;sizes&quot;:[]},&quot;gap_mobile&quot;:{&quot;unit&quot;:&quot;px&quot;,&quot;size&quot;:10,&quot;sizes&quot;:[]},&quot;link_to&quot;:&quot;file&quot;,&quot;overlay_background&quot;:&quot;yes&quot;,&quot;content_hover_animation&quot;:&quot;fade-in&quot;}\" data-widget_type=\"gallery.default\">\n\t\t\t\t<div class=\"elementor-widget-container\">\n\t\t\t\t\t\t\t<div class=\"elementor-gallery__container\">\n\t\t\t\t\t\t\t<a class=\"e-gallery-item elementor-gallery-item elementor-animated-content\" href=\"https:\/\/feriensued.com\/wp-content\/uploads\/2023\/03\/\u00a9SUEDKAERNTEN-Hecht-Katschnig-Klopeiner-See-WEB2.jpg\" data-elementor-open-lightbox=\"yes\" data-elementor-lightbox-slideshow=\"87d15eb\" data-elementor-lightbox-title=\"\u00a9SUEDKAERNTEN-Hecht-Katschnig-Klopeiner-See-WEB2\" data-e-action-hash=\"#elementor-action%3Aaction%3Dlightbox%26settings%3DeyJpZCI6MjE3LCJ1cmwiOiJodHRwczpcL1wvZmVyaWVuc3VlZC5jb21cL3dwLWNvbnRlbnRcL3VwbG9hZHNcLzIwMjNcLzAzXC9cdTAwYTlTVUVES0FFUk5URU4tSGVjaHQtS2F0c2NobmlnLUtsb3BlaW5lci1TZWUtV0VCMi5qcGciLCJzbGlkZXNob3ciOiI4N2QxNWViIn0%3D\">\n\t\t\t\t\t<div class=\"e-gallery-image elementor-gallery-item__image\" data-thumbnail=\"https:\/\/feriensued.com\/wp-content\/uploads\/2023\/03\/\u00a9SUEDKAERNTEN-Hecht-Katschnig-Klopeiner-See-WEB2-300x200.jpg\" data-width=\"300\" data-height=\"200\" aria-label=\"\" role=\"img\" ><\/div>\n\t\t\t\t\t\t\t\t\t\t\t<div class=\"elementor-gallery-item__overlay\"><\/div>\n\t\t\t\t\t\t\t\t\t\t\t\t\t\t<\/a>\n\t\t\t\t\t\t\t<a class=\"e-gallery-item elementor-gallery-item elementor-animated-content\" href=\"https:\/\/feriensued.com\/wp-content\/uploads\/2023\/03\/\u00a9SUEDKAERNTEN-Hecht-Katschnig-Klopeiner-See-WEB3.jpg\" data-elementor-open-lightbox=\"yes\" data-elementor-lightbox-slideshow=\"87d15eb\" data-elementor-lightbox-title=\"\u00a9SUEDKAERNTEN-Hecht-Katschnig-Klopeiner-See-WEB3\" data-e-action-hash=\"#elementor-action%3Aaction%3Dlightbox%26settings%3DeyJpZCI6MTgzLCJ1cmwiOiJodHRwczpcL1wvZmVyaWVuc3VlZC5jb21cL3dwLWNvbnRlbnRcL3VwbG9hZHNcLzIwMjNcLzAzXC9cdTAwYTlTVUVES0FFUk5URU4tSGVjaHQtS2F0c2NobmlnLUtsb3BlaW5lci1TZWUtV0VCMy5qcGciLCJzbGlkZXNob3ciOiI4N2QxNWViIn0%3D\">\n\t\t\t\t\t<div class=\"e-gallery-image elementor-gallery-item__image\" data-thumbnail=\"https:\/\/feriensued.com\/wp-content\/uploads\/2023\/03\/\u00a9SUEDKAERNTEN-Hecht-Katschnig-Klopeiner-See-WEB3-300x200.jpg\" data-width=\"300\" data-height=\"200\" aria-label=\"\" role=\"img\" ><\/div>\n\t\t\t\t\t\t\t\t\t\t\t<div class=\"elementor-gallery-item__overlay\"><\/div>\n\t\t\t\t\t\t\t\t\t\t\t\t\t\t<\/a>\n\t\t\t\t\t\t\t<a class=\"e-gallery-item elementor-gallery-item elementor-animated-content\" href=\"https:\/\/feriensued.com\/wp-content\/uploads\/2023\/03\/SUEDKAERNTEN-Hecht-Katschnig-Klopeiner-See-WEB4-e1649165081982.jpg\" data-elementor-open-lightbox=\"yes\" data-elementor-lightbox-slideshow=\"87d15eb\" data-elementor-lightbox-title=\"SUEDKAERNTEN-Hecht-Katschnig-Klopeiner-See-WEB4-e1649165081982\" data-e-action-hash=\"#elementor-action%3Aaction%3Dlightbox%26settings%3DeyJpZCI6MTg0LCJ1cmwiOiJodHRwczpcL1wvZmVyaWVuc3VlZC5jb21cL3dwLWNvbnRlbnRcL3VwbG9hZHNcLzIwMjNcLzAzXC9TVUVES0FFUk5URU4tSGVjaHQtS2F0c2NobmlnLUtsb3BlaW5lci1TZWUtV0VCNC1lMTY0OTE2NTA4MTk4Mi5qcGciLCJzbGlkZXNob3ciOiI4N2QxNWViIn0%3D\">\n\t\t\t\t\t<div class=\"e-gallery-image elementor-gallery-item__image\" data-thumbnail=\"https:\/\/feriensued.com\/wp-content\/uploads\/2023\/03\/SUEDKAERNTEN-Hecht-Katschnig-Klopeiner-See-WEB4-e1649165081982-282x300.jpg\" data-width=\"282\" data-height=\"300\" aria-label=\"\" role=\"img\" ><\/div>\n\t\t\t\t\t\t\t\t\t\t\t<div class=\"elementor-gallery-item__overlay\"><\/div>\n\t\t\t\t\t\t\t\t\t\t\t\t\t\t<\/a>\n\t\t\t\t\t\t\t<a class=\"e-gallery-item elementor-gallery-item elementor-animated-content\" href=\"https:\/\/feriensued.com\/wp-content\/uploads\/2023\/06\/DSC03901.webp\" data-elementor-open-lightbox=\"yes\" data-elementor-lightbox-slideshow=\"87d15eb\" data-elementor-lightbox-title=\"DSC03901\" data-e-action-hash=\"#elementor-action%3Aaction%3Dlightbox%26settings%3DeyJpZCI6MTk5NywidXJsIjoiaHR0cHM6XC9cL2ZlcmllbnN1ZWQuY29tXC93cC1jb250ZW50XC91cGxvYWRzXC8yMDIzXC8wNlwvRFNDMDM5MDEud2VicCIsInNsaWRlc2hvdyI6Ijg3ZDE1ZWIifQ%3D%3D\">\n\t\t\t\t\t<div class=\"e-gallery-image elementor-gallery-item__image\" data-thumbnail=\"https:\/\/feriensued.com\/wp-content\/uploads\/2023\/06\/DSC03901-300x200.webp\" data-width=\"300\" data-height=\"200\" aria-label=\"\" role=\"img\" ><\/div>\n\t\t\t\t\t\t\t\t\t\t\t<div class=\"elementor-gallery-item__overlay\"><\/div>\n\t\t\t\t\t\t\t\t\t\t\t\t\t\t<\/a>\n\t\t\t\t\t\t\t<a class=\"e-gallery-item elementor-gallery-item elementor-animated-content\" href=\"https:\/\/feriensued.com\/wp-content\/uploads\/2023\/06\/DSC03912-scaled.webp\" data-elementor-open-lightbox=\"yes\" data-elementor-lightbox-slideshow=\"87d15eb\" data-elementor-lightbox-title=\"DSC03912\" data-e-action-hash=\"#elementor-action%3Aaction%3Dlightbox%26settings%3DeyJpZCI6MTk5OCwidXJsIjoiaHR0cHM6XC9cL2ZlcmllbnN1ZWQuY29tXC93cC1jb250ZW50XC91cGxvYWRzXC8yMDIzXC8wNlwvRFNDMDM5MTItc2NhbGVkLndlYnAiLCJzbGlkZXNob3ciOiI4N2QxNWViIn0%3D\">\n\t\t\t\t\t<div class=\"e-gallery-image elementor-gallery-item__image\" data-thumbnail=\"https:\/\/feriensued.com\/wp-content\/uploads\/2023\/06\/DSC03912-300x200.webp\" data-width=\"300\" data-height=\"200\" aria-label=\"\" role=\"img\" ><\/div>\n\t\t\t\t\t\t\t\t\t\t\t<div class=\"elementor-gallery-item__overlay\"><\/div>\n\t\t\t\t\t\t\t\t\t\t\t\t\t\t<\/a>\n\t\t\t\t\t\t\t<a class=\"e-gallery-item elementor-gallery-item elementor-animated-content\" href=\"https:\/\/feriensued.com\/wp-content\/uploads\/2023\/06\/DSC03915.webp\" data-elementor-open-lightbox=\"yes\" data-elementor-lightbox-slideshow=\"87d15eb\" data-elementor-lightbox-title=\"DSC03915\" data-e-action-hash=\"#elementor-action%3Aaction%3Dlightbox%26settings%3DeyJpZCI6MTk5OSwidXJsIjoiaHR0cHM6XC9cL2ZlcmllbnN1ZWQuY29tXC93cC1jb250ZW50XC91cGxvYWRzXC8yMDIzXC8wNlwvRFNDMDM5MTUud2VicCIsInNsaWRlc2hvdyI6Ijg3ZDE1ZWIifQ%3D%3D\">\n\t\t\t\t\t<div class=\"e-gallery-image elementor-gallery-item__image\" data-thumbnail=\"https:\/\/feriensued.com\/wp-content\/uploads\/2023\/06\/DSC03915-300x200.webp\" data-width=\"300\" data-height=\"200\" aria-label=\"\" role=\"img\" ><\/div>\n\t\t\t\t\t\t\t\t\t\t\t<div class=\"elementor-gallery-item__overlay\"><\/div>\n\t\t\t\t\t\t\t\t\t\t\t\t\t\t<\/a>\n\t\t\t\t\t\t\t<a class=\"e-gallery-item elementor-gallery-item elementor-animated-content\" href=\"https:\/\/feriensued.com\/wp-content\/uploads\/2023\/06\/DSC03932.webp\" data-elementor-open-lightbox=\"yes\" data-elementor-lightbox-slideshow=\"87d15eb\" data-elementor-lightbox-title=\"DSC03932\" data-e-action-hash=\"#elementor-action%3Aaction%3Dlightbox%26settings%3DeyJpZCI6MjAwMCwidXJsIjoiaHR0cHM6XC9cL2ZlcmllbnN1ZWQuY29tXC93cC1jb250ZW50XC91cGxvYWRzXC8yMDIzXC8wNlwvRFNDMDM5MzIud2VicCIsInNsaWRlc2hvdyI6Ijg3ZDE1ZWIifQ%3D%3D\">\n\t\t\t\t\t<div class=\"e-gallery-image elementor-gallery-item__image\" data-thumbnail=\"https:\/\/feriensued.com\/wp-content\/uploads\/2023\/06\/DSC03932-300x200.webp\" data-width=\"300\" data-height=\"200\" aria-label=\"\" role=\"img\" ><\/div>\n\t\t\t\t\t\t\t\t\t\t\t<div class=\"elementor-gallery-item__overlay\"><\/div>\n\t\t\t\t\t\t\t\t\t\t\t\t\t\t<\/a>\n\t\t\t\t\t\t\t<a class=\"e-gallery-item elementor-gallery-item elementor-animated-content\" href=\"https:\/\/feriensued.com\/wp-content\/uploads\/2023\/06\/DSC04055.webp\" data-elementor-open-lightbox=\"yes\" data-elementor-lightbox-slideshow=\"87d15eb\" data-elementor-lightbox-title=\"DSC04055\" data-e-action-hash=\"#elementor-action%3Aaction%3Dlightbox%26settings%3DeyJpZCI6MjAwMSwidXJsIjoiaHR0cHM6XC9cL2ZlcmllbnN1ZWQuY29tXC93cC1jb250ZW50XC91cGxvYWRzXC8yMDIzXC8wNlwvRFNDMDQwNTUud2VicCIsInNsaWRlc2hvdyI6Ijg3ZDE1ZWIifQ%3D%3D\">\n\t\t\t\t\t<div class=\"e-gallery-image elementor-gallery-item__image\" data-thumbnail=\"https:\/\/feriensued.com\/wp-content\/uploads\/2023\/06\/DSC04055-300x200.webp\" data-width=\"300\" data-height=\"200\" aria-label=\"\" role=\"img\" ><\/div>\n\t\t\t\t\t\t\t\t\t\t\t<div class=\"elementor-gallery-item__overlay\"><\/div>\n\t\t\t\t\t\t\t\t\t\t\t\t\t\t<\/a>\n\t\t\t\t\t\t\t<a class=\"e-gallery-item elementor-gallery-item elementor-animated-content\" href=\"https:\/\/feriensued.com\/wp-content\/uploads\/2023\/06\/DSC04064.webp\" data-elementor-open-lightbox=\"yes\" data-elementor-lightbox-slideshow=\"87d15eb\" data-elementor-lightbox-title=\"DSC04064\" data-e-action-hash=\"#elementor-action%3Aaction%3Dlightbox%26settings%3DeyJpZCI6MjAwMiwidXJsIjoiaHR0cHM6XC9cL2ZlcmllbnN1ZWQuY29tXC93cC1jb250ZW50XC91cGxvYWRzXC8yMDIzXC8wNlwvRFNDMDQwNjQud2VicCIsInNsaWRlc2hvdyI6Ijg3ZDE1ZWIifQ%3D%3D\">\n\t\t\t\t\t<div class=\"e-gallery-image elementor-gallery-item__image\" data-thumbnail=\"https:\/\/feriensued.com\/wp-content\/uploads\/2023\/06\/DSC04064-300x200.webp\" data-width=\"300\" data-height=\"200\" aria-label=\"\" role=\"img\" ><\/div>\n\t\t\t\t\t\t\t\t\t\t\t<div class=\"elementor-gallery-item__overlay\"><\/div>\n\t\t\t\t\t\t\t\t\t\t\t\t\t\t<\/a>\n\t\t\t\t\t\t\t<a class=\"e-gallery-item elementor-gallery-item elementor-animated-content\" href=\"https:\/\/feriensued.com\/wp-content\/uploads\/2023\/06\/DSC04080.webp\" data-elementor-open-lightbox=\"yes\" data-elementor-lightbox-slideshow=\"87d15eb\" data-elementor-lightbox-title=\"DSC04080\" data-e-action-hash=\"#elementor-action%3Aaction%3Dlightbox%26settings%3DeyJpZCI6MjAwMywidXJsIjoiaHR0cHM6XC9cL2ZlcmllbnN1ZWQuY29tXC93cC1jb250ZW50XC91cGxvYWRzXC8yMDIzXC8wNlwvRFNDMDQwODAud2VicCIsInNsaWRlc2hvdyI6Ijg3ZDE1ZWIifQ%3D%3D\">\n\t\t\t\t\t<div class=\"e-gallery-image elementor-gallery-item__image\" data-thumbnail=\"https:\/\/feriensued.com\/wp-content\/uploads\/2023\/06\/DSC04080-300x200.webp\" data-width=\"300\" data-height=\"200\" aria-label=\"\" role=\"img\" ><\/div>\n\t\t\t\t\t\t\t\t\t\t\t<div class=\"elementor-gallery-item__overlay\"><\/div>\n\t\t\t\t\t\t\t\t\t\t\t\t\t\t<\/a>\n\t\t\t\t\t\t\t<a class=\"e-gallery-item elementor-gallery-item elementor-animated-content\" href=\"https:\/\/feriensued.com\/wp-content\/uploads\/2023\/06\/DSC04100.webp\" data-elementor-open-lightbox=\"yes\" data-elementor-lightbox-slideshow=\"87d15eb\" data-elementor-lightbox-title=\"DSC04100\" data-e-action-hash=\"#elementor-action%3Aaction%3Dlightbox%26settings%3DeyJpZCI6MjAwNiwidXJsIjoiaHR0cHM6XC9cL2ZlcmllbnN1ZWQuY29tXC93cC1jb250ZW50XC91cGxvYWRzXC8yMDIzXC8wNlwvRFNDMDQxMDAud2VicCIsInNsaWRlc2hvdyI6Ijg3ZDE1ZWIifQ%3D%3D\">\n\t\t\t\t\t<div class=\"e-gallery-image elementor-gallery-item__image\" data-thumbnail=\"https:\/\/feriensued.com\/wp-content\/uploads\/2023\/06\/DSC04100-300x200.webp\" data-width=\"300\" data-height=\"200\" aria-label=\"\" role=\"img\" ><\/div>\n\t\t\t\t\t\t\t\t\t\t\t<div class=\"elementor-gallery-item__overlay\"><\/div>\n\t\t\t\t\t\t\t\t\t\t\t\t\t\t<\/a>\n\t\t\t\t\t\t\t<a class=\"e-gallery-item elementor-gallery-item elementor-animated-content\" href=\"https:\/\/feriensued.com\/wp-content\/uploads\/2023\/06\/DSC04107.webp\" data-elementor-open-lightbox=\"yes\" data-elementor-lightbox-slideshow=\"87d15eb\" data-elementor-lightbox-title=\"DSC04107\" data-e-action-hash=\"#elementor-action%3Aaction%3Dlightbox%26settings%3DeyJpZCI6MjAwNywidXJsIjoiaHR0cHM6XC9cL2ZlcmllbnN1ZWQuY29tXC93cC1jb250ZW50XC91cGxvYWRzXC8yMDIzXC8wNlwvRFNDMDQxMDcud2VicCIsInNsaWRlc2hvdyI6Ijg3ZDE1ZWIifQ%3D%3D\">\n\t\t\t\t\t<div class=\"e-gallery-image elementor-gallery-item__image\" data-thumbnail=\"https:\/\/feriensued.com\/wp-content\/uploads\/2023\/06\/DSC04107-300x200.webp\" data-width=\"300\" data-height=\"200\" aria-label=\"\" role=\"img\" ><\/div>\n\t\t\t\t\t\t\t\t\t\t\t<div class=\"elementor-gallery-item__overlay\"><\/div>\n\t\t\t\t\t\t\t\t\t\t\t\t\t\t<\/a>\n\t\t\t\t\t\t\t<a class=\"e-gallery-item elementor-gallery-item elementor-animated-content\" href=\"https:\/\/feriensued.com\/wp-content\/uploads\/2023\/06\/DSC04283.webp\" data-elementor-open-lightbox=\"yes\" data-elementor-lightbox-slideshow=\"87d15eb\" data-elementor-lightbox-title=\"DSC04283\" data-e-action-hash=\"#elementor-action%3Aaction%3Dlightbox%26settings%3DeyJpZCI6MjAwOCwidXJsIjoiaHR0cHM6XC9cL2ZlcmllbnN1ZWQuY29tXC93cC1jb250ZW50XC91cGxvYWRzXC8yMDIzXC8wNlwvRFNDMDQyODMud2VicCIsInNsaWRlc2hvdyI6Ijg3ZDE1ZWIifQ%3D%3D\">\n\t\t\t\t\t<div class=\"e-gallery-image elementor-gallery-item__image\" data-thumbnail=\"https:\/\/feriensued.com\/wp-content\/uploads\/2023\/06\/DSC04283-300x200.webp\" data-width=\"300\" data-height=\"200\" aria-label=\"\" role=\"img\" ><\/div>\n\t\t\t\t\t\t\t\t\t\t\t<div class=\"elementor-gallery-item__overlay\"><\/div>\n\t\t\t\t\t\t\t\t\t\t\t\t\t\t<\/a>\n\t\t\t\t\t\t\t<a class=\"e-gallery-item elementor-gallery-item elementor-animated-content\" href=\"https:\/\/feriensued.com\/wp-content\/uploads\/2023\/06\/DSC04292.webp\" data-elementor-open-lightbox=\"yes\" data-elementor-lightbox-slideshow=\"87d15eb\" data-elementor-lightbox-title=\"DSC04292\" data-e-action-hash=\"#elementor-action%3Aaction%3Dlightbox%26settings%3DeyJpZCI6MjAwOSwidXJsIjoiaHR0cHM6XC9cL2ZlcmllbnN1ZWQuY29tXC93cC1jb250ZW50XC91cGxvYWRzXC8yMDIzXC8wNlwvRFNDMDQyOTIud2VicCIsInNsaWRlc2hvdyI6Ijg3ZDE1ZWIifQ%3D%3D\">\n\t\t\t\t\t<div class=\"e-gallery-image elementor-gallery-item__image\" data-thumbnail=\"https:\/\/feriensued.com\/wp-content\/uploads\/2023\/06\/DSC04292-300x200.webp\" data-width=\"300\" data-height=\"200\" aria-label=\"\" role=\"img\" ><\/div>\n\t\t\t\t\t\t\t\t\t\t\t<div class=\"elementor-gallery-item__overlay\"><\/div>\n\t\t\t\t\t\t\t\t\t\t\t\t\t\t<\/a>\n\t\t\t\t\t\t\t<a class=\"e-gallery-item elementor-gallery-item elementor-animated-content\" href=\"https:\/\/feriensued.com\/wp-content\/uploads\/2023\/06\/DSC04085.webp\" data-elementor-open-lightbox=\"yes\" data-elementor-lightbox-slideshow=\"87d15eb\" data-elementor-lightbox-title=\"DSC04085\" data-e-action-hash=\"#elementor-action%3Aaction%3Dlightbox%26settings%3DeyJpZCI6MjAwNCwidXJsIjoiaHR0cHM6XC9cL2ZlcmllbnN1ZWQuY29tXC93cC1jb250ZW50XC91cGxvYWRzXC8yMDIzXC8wNlwvRFNDMDQwODUud2VicCIsInNsaWRlc2hvdyI6Ijg3ZDE1ZWIifQ%3D%3D\">\n\t\t\t\t\t<div class=\"e-gallery-image elementor-gallery-item__image\" data-thumbnail=\"https:\/\/feriensued.com\/wp-content\/uploads\/2023\/06\/DSC04085-300x200.webp\" data-width=\"300\" data-height=\"200\" aria-label=\"\" role=\"img\" ><\/div>\n\t\t\t\t\t\t\t\t\t\t\t<div class=\"elementor-gallery-item__overlay\"><\/div>\n\t\t\t\t\t\t\t\t\t\t\t\t\t\t<\/a>\n\t\t\t\t\t<\/div>\n\t\t\t\t\t<\/div>\n\t\t\t\t<\/div>\n\t\t\t\t\t<\/div>\n\t\t<\/div>\n\t\t\t\t\t<\/div>\n\t\t<\/section>\n\t\t\t\t<section class=\"elementor-section elementor-top-section elementor-element elementor-element-f72de42 elementor-section-boxed elementor-section-height-default elementor-section-height-default\" data-id=\"f72de42\" data-element_type=\"section\">\n\t\t\t\t\t\t<div class=\"elementor-container elementor-column-gap-no\">\n\t\t\t\t\t<div class=\"elementor-column elementor-col-100 elementor-top-column elementor-element elementor-element-a40c0ce\" data-id=\"a40c0ce\" data-element_type=\"column\">\n\t\t\t<div class=\"elementor-widget-wrap elementor-element-populated\">\n\t\t\t\t\t\t<div class=\"elementor-element elementor-element-5d678f5 elementor-widget elementor-widget-heading\" data-id=\"5d678f5\" data-element_type=\"widget\" data-widget_type=\"heading.default\">\n\t\t\t\t<div class=\"elementor-widget-container\">\n\t\t\t\t\t<h3 class=\"elementor-heading-title elementor-size-default\">Rudi Katschnig ist \"Koch des Jahres\"<\/h3>\t\t\t\t<\/div>\n\t\t\t\t<\/div>\n\t\t\t\t<div class=\"elementor-element elementor-element-21a0534 elementor-widget elementor-widget-text-editor\" data-id=\"21a0534\" data-element_type=\"widget\" data-widget_type=\"text-editor.default\">\n\t\t\t\t<div class=\"elementor-widget-container\">\n\t\t\t\t\t\t\t\t\t<p style=\"box-sizing: border-box; margin-top: 0px; margin-bottom: 0px; color: #333333; font-family: Montserrat, sans-serif; font-size: 16px; font-style: normal; font-variant-ligatures: normal; font-variant-caps: normal; font-weight: 400; letter-spacing: -0.4px; orphans: 2; text-align: start; text-indent: 0px; text-transform: none; widows: 2; word-spacing: 0px; -webkit-text-stroke-width: 0px; white-space: normal; background-color: #ffffff; text-decoration-thickness: initial; text-decoration-style: initial; text-decoration-color: initial;\">The awards in the categories \"Chef of the Year\", \"Regional Specialty\", \"Initiative of the Year\" and \"Lifetime Achievement\" went to Rudi Katschnig, Josef Polesnig, the association \"Lebensraum Petzenland-Peca\" and Sieglinde Kordesch.\u00a0<a style=\"box-sizing: border-box; background-color: transparent; text-decoration: none; color: var( --e-global-color-primary ); box-shadow: none;\" href=\"https:\/\/www.kleinezeitung.at\/kaernten\/voelkermarkt\/6042539\/Verleihung-der-Genussengel_Rudi-Katschnig-ist-Koch-des-Jahres\" target=\"_blank\" rel=\"noreferrer noopener\">Go to the article by Kleine Zeitung<\/a><\/p>\t\t\t\t\t\t\t\t<\/div>\n\t\t\t\t<\/div>\n\t\t\t\t<div class=\"elementor-element elementor-element-68f2b03 elementor-widget elementor-widget-image\" data-id=\"68f2b03\" data-element_type=\"widget\" data-widget_type=\"image.default\">\n\t\t\t\t<div class=\"elementor-widget-container\">\n\t\t\t\t\t\t\t\t\t\t\t\t\t\t\t<img fetchpriority=\"high\" decoding=\"async\" width=\"800\" height=\"400\" src=\"https:\/\/feriensued.com\/wp-content\/uploads\/2023\/03\/genussengel_bild.jpeg\" class=\"attachment-large size-large wp-image-256\" alt=\"\" srcset=\"https:\/\/feriensued.com\/wp-content\/uploads\/2023\/03\/genussengel_bild.jpeg 800w, https:\/\/feriensued.com\/wp-content\/uploads\/2023\/03\/genussengel_bild-300x150.jpeg 300w, https:\/\/feriensued.com\/wp-content\/uploads\/2023\/03\/genussengel_bild-768x384.jpeg 768w, https:\/\/feriensued.com\/wp-content\/uploads\/2023\/03\/genussengel_bild-18x9.jpeg 18w\" sizes=\"(max-width: 800px) 100vw, 800px\" \/>\t\t\t\t\t\t\t\t\t\t\t\t\t\t\t<\/div>\n\t\t\t\t<\/div>\n\t\t\t\t\t<\/div>\n\t\t<\/div>\n\t\t\t\t\t<\/div>\n\t\t<\/section>\n\t\t\t\t<\/div>","protected":false},"excerpt":{"rendered":"<p>Direkt am Ufer des Klopeinersees liegt der famili\u00e4r gef\u00fchrte Seegasthof Katschnig. Seit Generationen wird es mit viel Leidenschaft und Hingabe betrieben. Die K\u00fcche des Hauses legt besonderen Wert auf Frische und Regionalit\u00e4t. Die Speisekarte erz\u00e4hlt die Geschichte der Region. Frischer Fisch aus den umliegenden Gew\u00e4ssern wird mit gro\u00dfer Sorgfalt zubereitet. Erg\u00e4nzt wird das Angebot durch [&hellip;]<\/p>","protected":false},"author":1,"featured_media":0,"parent":0,"menu_order":0,"comment_status":"closed","ping_status":"closed","template":"","meta":{"footnotes":""},"class_list":["post-248","page","type-page","status-publish","hentry"],"acf":[],"_links":{"self":[{"href":"https:\/\/feriensued.com\/en\/wp-json\/wp\/v2\/pages\/248","targetHints":{"allow":["GET"]}}],"collection":[{"href":"https:\/\/feriensued.com\/en\/wp-json\/wp\/v2\/pages"}],"about":[{"href":"https:\/\/feriensued.com\/en\/wp-json\/wp\/v2\/types\/page"}],"author":[{"embeddable":true,"href":"https:\/\/feriensued.com\/en\/wp-json\/wp\/v2\/users\/1"}],"replies":[{"embeddable":true,"href":"https:\/\/feriensued.com\/en\/wp-json\/wp\/v2\/comments?post=248"}],"version-history":[{"count":25,"href":"https:\/\/feriensued.com\/en\/wp-json\/wp\/v2\/pages\/248\/revisions"}],"predecessor-version":[{"id":2517,"href":"https:\/\/feriensued.com\/en\/wp-json\/wp\/v2\/pages\/248\/revisions\/2517"}],"wp:attachment":[{"href":"https:\/\/feriensued.com\/en\/wp-json\/wp\/v2\/media?parent=248"}],"curies":[{"name":"wp","href":"https:\/\/api.w.org\/{rel}","templated":true}]}}